{"id":2794,"date":"2025-10-30T06:37:53","date_gmt":"2025-10-30T06:37:53","guid":{"rendered":"https:\/\/beonetech.vn\/?page_id=2794"},"modified":"2025-10-31T01:47:27","modified_gmt":"2025-10-31T01:47:27","slug":"nen-tang-ai-tu-dong-hoa-cong-viec-lap-lai","status":"publish","type":"page","link":"https:\/\/beonetech.vn\/en\/nen-tang-ai-tu-dong-hoa-cong-viec-lap-lai\/","title":{"rendered":"N\u1ec1n t\u1ea3ng AI t\u1ef1 \u0111\u1ed9ng h\u00f3a c\u00f4ng vi\u1ec7c l\u1eb7p l\u1ea1i"},"content":{"rendered":"<div data-elementor-type=\"wp-page\" data-elementor-id=\"2794\" class=\"elementor elementor-2794\">\n\t\t\t\t<div class=\"elementor-element elementor-element-ec9dd56 e-flex e-con-boxed e-con e-parent\" data-id=\"ec9dd56\" data-element_type=\"container\">\n\t\t\t\t\t<div class=\"e-con-inner\">\n\t\t\t\t\t<\/div>\n\t\t\t\t<\/div>\n\t\t<div class=\"elementor-element elementor-element-9b83f95 e-flex e-con-boxed e-con e-parent\" data-id=\"9b83f95\" data-element_type=\"container\">\n\t\t\t\t\t<div class=\"e-con-inner\">\n\t\t<div class=\"elementor-element elementor-element-2eff92b e-con-full e-flex e-con e-child\" data-id=\"2eff92b\" data-element_type=\"container\">\n\t\t\t\t<div class=\"elementor-element elementor-element-3f11431 elementor-widget elementor-widget-elementskit-heading\" data-id=\"3f11431\" data-element_type=\"widget\" data-widget_type=\"elementskit-heading.default\">\n\t\t\t\t<div class=\"elementor-widget-container\">\n\t\t\t\t\t<div class=\"ekit-wid-con\" ><div class=\"ekit-heading elementskit-section-title-wraper text_center   ekit_heading_tablet-   ekit_heading_mobile-\"><h2 class=\"ekit-heading--title elementskit-section-title\">N\u1ec1n t\u1ea3ng AI t\u1ef1 \u0111\u1ed9ng h\u00f3a c\u00f4ng vi\u1ec7c l\u1eb7p l\u1ea1i<\/h2>\t\t\t\t<div class='ekit-heading__description'>\n\t\t\t\t\t<p><span class=\"a_GcMg font-feature-liga-off font-feature-clig-off font-feature-calt-off text-decoration-none text-strikethrough-none\">Gi\u1ea3i ph\u00e1p Al Automation c\u1ee7a BeOne gi\u00fap doanh nghi\u1ec7p lo\u1ea1i b\u1ecf c\u00e1c c\u00f4ng vi\u1ec7c l\u1eb7p \u0111i l\u1eb7p l\u1ea1i nh\u01b0 nh\u1eadp li\u1ec7u, g\u1eedi email nh\u1eafc nh\u1edf, l\u00ean l\u1ecbch h\u1ecdp, t\u1ea1o b\u00e1o c\u00e1o, ph\u00e2n lo\u1ea1i &amp; l\u01b0u tr\u1eef d\u1eef li\u1ec7u, ch\u0103m s\u00f3c kh\u00e1ch h\u00e0ng, ph\u00e2n ph\u1ed1i c\u00f4ng vi\u1ec7c ho\u1eb7c x\u1eed l\u00fd th\u00f4ng tin \u0111\u01a1n gi\u1ea3n. S\u1ea3n ph\u1ea9m \u0111\u01b0\u1ee3c thi\u1ebft k\u1ebf \"may \u0111o\" theo quy tr\u00ecnh th\u1ef1c t\u1ebf t\u1eebng doanh nghi\u1ec7p, c\u00f3 th\u1ec3 t\u00edch h\u1ee3p v\u1edbi ph\u1ea7n m\u1ec1m qu\u1ea3n tr\u1ecb, k\u1ebf to\u00e1n, b\u00e1n h\u00e0ng, qu\u1ea3n l\u00fd kh\u00e1ch h\u00e0ng... gi\u00fap ti\u1ebft ki\u1ec7m th\u1eddi gian, gi\u1ea3m l\u1ed7i th\u1ee7 c\u00f4ng v\u00e0 t\u1ed1i \u01b0u hi\u1ec7u su\u1ea5t \u0111\u1ed9i ng\u0169.<\/span><\/p>\n\t\t\t\t<\/div>\n\t\t\t<\/div><\/div>\t\t\t\t<\/div>\n\t\t\t\t<\/div>\n\t\t\t\t<div class=\"elementor-element elementor-element-cf7231b elementor-align-center elementor-widget elementor-widget-elementskit-button\" data-id=\"cf7231b\" data-element_type=\"widget\" data-widget_type=\"elementskit-button.default\">\n\t\t\t\t<div class=\"elementor-widget-container\">\n\t\t\t\t\t<div class=\"ekit-wid-con\" >\t\t<div class=\"ekit-btn-wraper\">\n\t\t\t\t\t\t\t<a href=\"#\" class=\"elementskit-btn  whitespace--normal\" id=\"\">\n\t\t\t\t\tLi\u00ean H\u1ec7 ngay\t\t\t\t<\/a>\n\t\t\t\t\t<\/div>\n        <\/div>\t\t\t\t<\/div>\n\t\t\t\t<\/div>\n\t\t\t\t<\/div>\n\t\t<div class=\"elementor-element elementor-element-9c917cd e-con-full e-flex e-con e-child\" data-id=\"9c917cd\" data-element_type=\"container\">\n\t\t\t\t<div class=\"elementor-element elementor-element-c2dd792 elementor-widget elementor-widget-image\" data-id=\"c2dd792\" data-element_type=\"widget\" data-widget_type=\"image.default\">\n\t\t\t\t<div class=\"elementor-widget-container\">\n\t\t\t\t\t\t\t\t\t\t\t\t\t\t\t<img fetchpriority=\"high\" decoding=\"async\" width=\"720\" height=\"900\" src=\"https:\/\/beonetech.vn\/wp-content\/uploads\/2025\/10\/Nen-tang-AI-tu-dong-hoa-cong-viec-lap-lai-2.png\" class=\"attachment-large size-large wp-image-2797\" alt=\"\" srcset=\"https:\/\/beonetech.vn\/wp-content\/uploads\/2025\/10\/Nen-tang-AI-tu-dong-hoa-cong-viec-lap-lai-2.png 800w, https:\/\/beonetech.vn\/wp-content\/uploads\/2025\/10\/Nen-tang-AI-tu-dong-hoa-cong-viec-lap-lai-2-240x300.png 240w, https:\/\/beonetech.vn\/wp-content\/uploads\/2025\/10\/Nen-tang-AI-tu-dong-hoa-cong-viec-lap-lai-2-768x960.png 768w, https:\/\/beonetech.vn\/wp-content\/uploads\/2025\/10\/Nen-tang-AI-tu-dong-hoa-cong-viec-lap-lai-2-10x12.png 10w, https:\/\/beonetech.vn\/wp-content\/uploads\/2025\/10\/Nen-tang-AI-tu-dong-hoa-cong-viec-lap-lai-2-600x750.png 600w\" sizes=\"(max-width: 720px) 100vw, 720px\" \/>\t\t\t\t\t\t\t\t\t\t\t\t\t\t\t<\/div>\n\t\t\t\t<\/div>\n\t\t\t\t<\/div>\n\t\t\t\t\t<\/div>\n\t\t\t\t<\/div>\n\t\t\t\t<section class=\"elementor-section elementor-top-section elementor-element elementor-element-5efb77f elementor-section-full_width elementor-section-height-default elementor-section-height-default\" data-id=\"5efb77f\" data-element_type=\"section\" data-settings=\"{&quot;background_background&quot;:&quot;classic&quot;}\">\n\t\t\t\t\t\t<div class=\"elementor-container elementor-column-gap-default\">\n\t\t\t\t\t<div class=\"elementor-column elementor-col-100 elementor-top-column elementor-element elementor-element-0eecae3\" data-id=\"0eecae3\" data-element_type=\"column\">\n\t\t\t<div class=\"elementor-widget-wrap elementor-element-populated\">\n\t\t\t\t<div class=\"elementor-element elementor-element-f66fb54 e-flex e-con-boxed e-con e-parent\" data-id=\"f66fb54\" data-element_type=\"container\">\n\t\t\t\t\t<div class=\"e-con-inner\">\n\t\t\t\t<div class=\"elementor-element elementor-element-43c6737 elementor-widget elementor-widget-elementskit-heading\" data-id=\"43c6737\" data-element_type=\"widget\" data-widget_type=\"elementskit-heading.default\">\n\t\t\t\t<div class=\"elementor-widget-container\">\n\t\t\t\t\t<div class=\"ekit-wid-con\" ><div class=\"ekit-heading elementskit-section-title-wraper text_center   ekit_heading_tablet-   ekit_heading_mobile-\"><h2 class=\"ekit-heading--title elementskit-section-title\">WHY CHOOSE US<\/h2><\/div><\/div>\t\t\t\t<\/div>\n\t\t\t\t<\/div>\n\t\t<div class=\"elementor-element elementor-element-48e13df e-grid e-con-full e-con e-child\" data-id=\"48e13df\" data-element_type=\"container\" data-settings=\"{&quot;background_background&quot;:&quot;classic&quot;}\">\n\t\t\t\t<div class=\"elementor-element elementor-element-7ab77a4 ekit-equal-height-disable elementor-widget elementor-widget-elementskit-icon-box\" data-id=\"7ab77a4\" data-element_type=\"widget\" data-widget_type=\"elementskit-icon-box.default\">\n\t\t\t\t<div class=\"elementor-widget-container\">\n\t\t\t\t\t<div class=\"ekit-wid-con\" >        <!-- link opening -->\n                <a href=\"#\" class=\"ekit_global_links\">\n                <!-- end link opening -->\n\n        <div class=\"elementskit-infobox text-center text- icon-top-align elementor-animation-\">\n                    <div class=\"elementskit-box-header elementor-animation-\">\n                <div class=\"elementskit-info-box-icon\">\n                    <svg aria-hidden=\"true\" class=\"elementkit-infobox-icon e-font-icon-svg e-fas-robot\" viewbox=\"0 0 640 512\" xmlns=\"http:\/\/www.w3.org\/2000\/svg\"><path d=\"M32,224H64V416H32A31.96166,31.96166,0,0,1,0,384V256A31.96166,31.96166,0,0,1,32,224Zm512-48V448a64.06328,64.06328,0,0,1-64,64H160a64.06328,64.06328,0,0,1-64-64V176a79.974,79.974,0,0,1,80-80H288V32a32,32,0,0,1,64,0V96H464A79.974,79.974,0,0,1,544,176ZM264,256a40,40,0,1,0-40,40A39.997,39.997,0,0,0,264,256Zm-8,128H192v32h64Zm96,0H288v32h64ZM456,256a40,40,0,1,0-40,40A39.997,39.997,0,0,0,456,256Zm-8,128H384v32h64ZM640,256V384a31.96166,31.96166,0,0,1-32,32H576V224h32A31.96166,31.96166,0,0,1,640,256Z\"><\/path><\/svg>\n                <\/div>\n          <\/div>\n                        <div class=\"box-body\">\n                            <h3 class=\"elementskit-info-box-title\">\n                    Lo\u1ea1i b\u1ecf c\u00e1c t\u00e1c v\u1ee5 nh\u01b0 nh\u1eadp li\u1ec7u, g\u1eedi email, l\u00ean l\u1ecbch h\u1ecdp, t\u1ea1o b\u00e1o c\u00e1o,...                <\/h3>\n                                            <\/div>\n        \n        \n                <\/div>\n                <\/a>\n        <\/div>\t\t\t\t<\/div>\n\t\t\t\t<\/div>\n\t\t\t\t<div class=\"elementor-element elementor-element-714dc6b ekit-equal-height-disable elementor-widget elementor-widget-elementskit-icon-box\" data-id=\"714dc6b\" data-element_type=\"widget\" data-widget_type=\"elementskit-icon-box.default\">\n\t\t\t\t<div class=\"elementor-widget-container\">\n\t\t\t\t\t<div class=\"ekit-wid-con\" >        <!-- link opening -->\n                <a href=\"#\" class=\"ekit_global_links\">\n                <!-- end link opening -->\n\n        <div class=\"elementskit-infobox text-center text- icon-top-align elementor-animation-\">\n                    <div class=\"elementskit-box-header elementor-animation-\">\n                <div class=\"elementskit-info-box-icon\">\n                    <svg aria-hidden=\"true\" class=\"elementkit-infobox-icon e-font-icon-svg e-fas-user-clock\" viewbox=\"0 0 640 512\" xmlns=\"http:\/\/www.w3.org\/2000\/svg\"><path d=\"M496 224c-79.6 0-144 64.4-144 144s64.4 144 144 144 144-64.4 144-144-64.4-144-144-144zm64 150.3c0 5.3-4.4 9.7-9.7 9.7h-60.6c-5.3 0-9.7-4.4-9.7-9.7v-76.6c0-5.3 4.4-9.7 9.7-9.7h12.6c5.3 0 9.7 4.4 9.7 9.7V352h38.3c5.3 0 9.7 4.4 9.7 9.7v12.6zM320 368c0-27.8 6.7-54.1 18.2-77.5-8-1.5-16.2-2.5-24.6-2.5h-16.7c-22.2 10.2-46.9 16-72.9 16s-50.6-5.8-72.9-16h-16.7C60.2 288 0 348.2 0 422.4V464c0 26.5 21.5 48 48 48h347.1c-45.3-31.9-75.1-84.5-75.1-144zm-96-112c70.7 0 128-57.3 128-128S294.7 0 224 0 96 57.3 96 128s57.3 128 128 128z\"><\/path><\/svg>\n                <\/div>\n          <\/div>\n                        <div class=\"box-body\">\n                            <h3 class=\"elementskit-info-box-title\">\n                    Gi\u1ea3m thao t\u00e1c th\u1ee7 c\u00f4ng, t\u0103ng t\u1ed1c \u0111\u1ed9 x\u1eed l\u00fd c\u00f4ng vi\u1ec7c.                <\/h3>\n                                            <\/div>\n        \n        \n                <\/div>\n                <\/a>\n        <\/div>\t\t\t\t<\/div>\n\t\t\t\t<\/div>\n\t\t\t\t<div class=\"elementor-element elementor-element-30738c3 ekit-equal-height-disable elementor-widget elementor-widget-elementskit-icon-box\" data-id=\"30738c3\" data-element_type=\"widget\" data-widget_type=\"elementskit-icon-box.default\">\n\t\t\t\t<div class=\"elementor-widget-container\">\n\t\t\t\t\t<div class=\"ekit-wid-con\" >        <!-- link opening -->\n                <a href=\"#\" class=\"ekit_global_links\">\n                <!-- end link opening -->\n\n        <div class=\"elementskit-infobox text-center text- icon-top-align elementor-animation-\">\n                    <div class=\"elementskit-box-header elementor-animation-\">\n                <div class=\"elementskit-info-box-icon\">\n                    <svg aria-hidden=\"true\" class=\"elementkit-infobox-icon e-font-icon-svg e-fas-check-circle\" viewbox=\"0 0 512 512\" xmlns=\"http:\/\/www.w3.org\/2000\/svg\"><path d=\"M504 256c0 136.967-111.033 248-248 248S8 392.967 8 256 119.033 8 256 8s248 111.033 248 248zM227.314 387.314l184-184c6.248-6.248 6.248-16.379 0-22.627l-22.627-22.627c-6.248-6.249-16.379-6.249-22.628 0L216 308.118l-70.059-70.059c-6.248-6.248-16.379-6.248-22.628 0l-22.627 22.627c-6.248 6.248-6.248 16.379 0 22.627l104 104c6.249 6.249 16.379 6.249 22.628.001z\"><\/path><\/svg>\n                <\/div>\n          <\/div>\n                        <div class=\"box-body\">\n                            <h3 class=\"elementskit-info-box-title\">\n                    H\u1ea1n ch\u1ebf l\u1ed7i nh\u1eadp li\u1ec7u v\u00e0 quy tr\u00ecnh, \u0111\u1ea3m b\u1ea3o \u0111\u1ed9 ch\u00ednh x\u00e1c cao.                <\/h3>\n                                            <\/div>\n        \n        \n                <\/div>\n                <\/a>\n        <\/div>\t\t\t\t<\/div>\n\t\t\t\t<\/div>\n\t\t\t\t<div class=\"elementor-element elementor-element-c608e02 ekit-equal-height-disable elementor-widget elementor-widget-elementskit-icon-box\" data-id=\"c608e02\" data-element_type=\"widget\" data-widget_type=\"elementskit-icon-box.default\">\n\t\t\t\t<div class=\"elementor-widget-container\">\n\t\t\t\t\t<div class=\"ekit-wid-con\" >        <!-- link opening -->\n                <a href=\"#\" class=\"ekit_global_links\">\n                <!-- end link opening -->\n\n        <div class=\"elementskit-infobox text-center text- icon-top-align elementor-animation-\">\n                    <div class=\"elementskit-box-header elementor-animation-\">\n                <div class=\"elementskit-info-box-icon\">\n                    <i aria-hidden=\"true\" class=\"elementkit-infobox-icon icon icon-chart2\"><\/i>\n                <\/div>\n          <\/div>\n                        <div class=\"box-body\">\n                            <h3 class=\"elementskit-info-box-title\">\n                    Nh\u00e2n vi\u00ean t\u1eadp trung v\u00e0o c\u00f4ng vi\u1ec7c mang t\u00ednh chi\u1ebfn l\u01b0\u1ee3c, kh\u00f4ng b\u1ecb qu\u00e1 t\u1ea3i.                <\/h3>\n                                            <\/div>\n        \n        \n                <\/div>\n                <\/a>\n        <\/div>\t\t\t\t<\/div>\n\t\t\t\t<\/div>\n\t\t\t\t<div class=\"elementor-element elementor-element-7da96a7 ekit-equal-height-disable elementor-widget elementor-widget-elementskit-icon-box\" data-id=\"7da96a7\" data-element_type=\"widget\" data-widget_type=\"elementskit-icon-box.default\">\n\t\t\t\t<div class=\"elementor-widget-container\">\n\t\t\t\t\t<div class=\"ekit-wid-con\" >        <!-- link opening -->\n                <a href=\"#\" class=\"ekit_global_links\">\n                <!-- end link opening -->\n\n        <div class=\"elementskit-infobox text-center text- icon-top-align elementor-animation-\">\n                    <div class=\"elementskit-box-header elementor-animation-\">\n                <div class=\"elementskit-info-box-icon\">\n                    <i aria-hidden=\"true\" class=\"elementkit-infobox-icon icon icon-link\"><\/i>\n                <\/div>\n          <\/div>\n                        <div class=\"box-body\">\n                            <h3 class=\"elementskit-info-box-title\">\n                    K\u1ebft n\u1ed1i m\u01b0\u1ee3t m\u00e0 v\u1edbi ph\u1ea7n m\u1ec1m qu\u1ea3n tr\u1ecb, k\u1ebf to\u00e1n, CRM, b\u00e1n h\u00e0ng,\u2026                <\/h3>\n                                            <\/div>\n        \n        \n                <\/div>\n                <\/a>\n        <\/div>\t\t\t\t<\/div>\n\t\t\t\t<\/div>\n\t\t\t\t<div class=\"elementor-element elementor-element-f0f4ae4 ekit-equal-height-disable elementor-widget elementor-widget-elementskit-icon-box\" data-id=\"f0f4ae4\" data-element_type=\"widget\" data-widget_type=\"elementskit-icon-box.default\">\n\t\t\t\t<div class=\"elementor-widget-container\">\n\t\t\t\t\t<div class=\"ekit-wid-con\" >        <!-- link opening -->\n                <a href=\"#\" class=\"ekit_global_links\">\n                <!-- end link opening -->\n\n        <div class=\"elementskit-infobox text-center text- icon-top-align elementor-animation-\">\n                    <div class=\"elementskit-box-header elementor-animation-\">\n                <div class=\"elementskit-info-box-icon\">\n                    <svg aria-hidden=\"true\" class=\"elementkit-infobox-icon e-font-icon-svg e-fas-cogs\" viewbox=\"0 0 640 512\" xmlns=\"http:\/\/www.w3.org\/2000\/svg\"><path d=\"M512.1 191l-8.2 14.3c-3 5.3-9.4 7.5-15.1 5.4-11.8-4.4-22.6-10.7-32.1-18.6-4.6-3.8-5.8-10.5-2.8-15.7l8.2-14.3c-6.9-8-12.3-17.3-15.9-27.4h-16.5c-6 0-11.2-4.3-12.2-10.3-2-12-2.1-24.6 0-37.1 1-6 6.2-10.4 12.2-10.4h16.5c3.6-10.1 9-19.4 15.9-27.4l-8.2-14.3c-3-5.2-1.9-11.9 2.8-15.7 9.5-7.9 20.4-14.2 32.1-18.6 5.7-2.1 12.1.1 15.1 5.4l8.2 14.3c10.5-1.9 21.2-1.9 31.7 0L552 6.3c3-5.3 9.4-7.5 15.1-5.4 11.8 4.4 22.6 10.7 32.1 18.6 4.6 3.8 5.8 10.5 2.8 15.7l-8.2 14.3c6.9 8 12.3 17.3 15.9 27.4h16.5c6 0 11.2 4.3 12.2 10.3 2 12 2.1 24.6 0 37.1-1 6-6.2 10.4-12.2 10.4h-16.5c-3.6 10.1-9 19.4-15.9 27.4l8.2 14.3c3 5.2 1.9 11.9-2.8 15.7-9.5 7.9-20.4 14.2-32.1 18.6-5.7 2.1-12.1-.1-15.1-5.4l-8.2-14.3c-10.4 1.9-21.2 1.9-31.7 0zm-10.5-58.8c38.5 29.6 82.4-14.3 52.8-52.8-38.5-29.7-82.4 14.3-52.8 52.8zM386.3 286.1l33.7 16.8c10.1 5.8 14.5 18.1 10.5 29.1-8.9 24.2-26.4 46.4-42.6 65.8-7.4 8.9-20.2 11.1-30.3 5.3l-29.1-16.8c-16 13.7-34.6 24.6-54.9 31.7v33.6c0 11.6-8.3 21.6-19.7 23.6-24.6 4.2-50.4 4.4-75.9 0-11.5-2-20-11.9-20-23.6V418c-20.3-7.2-38.9-18-54.9-31.7L74 403c-10 5.8-22.9 3.6-30.3-5.3-16.2-19.4-33.3-41.6-42.2-65.7-4-10.9.4-23.2 10.5-29.1l33.3-16.8c-3.9-20.9-3.9-42.4 0-63.4L12 205.8c-10.1-5.8-14.6-18.1-10.5-29 8.9-24.2 26-46.4 42.2-65.8 7.4-8.9 20.2-11.1 30.3-5.3l29.1 16.8c16-13.7 34.6-24.6 54.9-31.7V57.1c0-11.5 8.2-21.5 19.6-23.5 24.6-4.2 50.5-4.4 76-.1 11.5 2 20 11.9 20 23.6v33.6c20.3 7.2 38.9 18 54.9 31.7l29.1-16.8c10-5.8 22.9-3.6 30.3 5.3 16.2 19.4 33.2 41.6 42.1 65.8 4 10.9.1 23.2-10 29.1l-33.7 16.8c3.9 21 3.9 42.5 0 63.5zm-117.6 21.1c59.2-77-28.7-164.9-105.7-105.7-59.2 77 28.7 164.9 105.7 105.7zm243.4 182.7l-8.2 14.3c-3 5.3-9.4 7.5-15.1 5.4-11.8-4.4-22.6-10.7-32.1-18.6-4.6-3.8-5.8-10.5-2.8-15.7l8.2-14.3c-6.9-8-12.3-17.3-15.9-27.4h-16.5c-6 0-11.2-4.3-12.2-10.3-2-12-2.1-24.6 0-37.1 1-6 6.2-10.4 12.2-10.4h16.5c3.6-10.1 9-19.4 15.9-27.4l-8.2-14.3c-3-5.2-1.9-11.9 2.8-15.7 9.5-7.9 20.4-14.2 32.1-18.6 5.7-2.1 12.1.1 15.1 5.4l8.2 14.3c10.5-1.9 21.2-1.9 31.7 0l8.2-14.3c3-5.3 9.4-7.5 15.1-5.4 11.8 4.4 22.6 10.7 32.1 18.6 4.6 3.8 5.8 10.5 2.8 15.7l-8.2 14.3c6.9 8 12.3 17.3 15.9 27.4h16.5c6 0 11.2 4.3 12.2 10.3 2 12 2.1 24.6 0 37.1-1 6-6.2 10.4-12.2 10.4h-16.5c-3.6 10.1-9 19.4-15.9 27.4l8.2 14.3c3 5.2 1.9 11.9-2.8 15.7-9.5 7.9-20.4 14.2-32.1 18.6-5.7 2.1-12.1-.1-15.1-5.4l-8.2-14.3c-10.4 1.9-21.2 1.9-31.7 0zM501.6 431c38.5 29.6 82.4-14.3 52.8-52.8-38.5-29.6-82.4 14.3-52.8 52.8z\"><\/path><\/svg>\n                <\/div>\n          <\/div>\n                        <div class=\"box-body\">\n                            <h3 class=\"elementskit-info-box-title\">\n                    Gi\u1ea3i ph\u00e1p c\u00e1 nh\u00e2n h\u00f3a ph\u00f9 h\u1ee3p \u0111\u1eb7c th\u00f9 v\u1eadn h\u00e0nh c\u1ee7a t\u1eebng t\u1ed5 ch\u1ee9c.                <\/h3>\n                                            <\/div>\n        \n        \n                <\/div>\n                <\/a>\n        <\/div>\t\t\t\t<\/div>\n\t\t\t\t<\/div>\n\t\t\t\t<\/div>\n\t\t\t\t\t<\/div>\n\t\t\t\t<\/div>\n\t\t\t\t\t<\/div>\n\t\t<\/div>\n\t\t\t\t\t<\/div>\n\t\t<\/section>\n\t\t\t\t<\/div>","protected":false},"excerpt":{"rendered":"<p>N\u1ec1n t\u1ea3ng AI t\u1ef1 \u0111\u1ed9ng h\u00f3a c\u00f4ng vi\u1ec7c l\u1eb7p l\u1ea1i Gi\u1ea3i ph\u00e1p Al Automation c\u1ee7a BeOne gi\u00fap doanh nghi\u1ec7p lo\u1ea1i b\u1ecf c\u00e1c c\u00f4ng vi\u1ec7c l\u1eb7p \u0111i l\u1eb7p l\u1ea1i nh\u01b0 nh\u1eadp li\u1ec7u, g\u1eedi email nh\u1eafc nh\u1edf, l\u00ean l\u1ecbch h\u1ecdp, t\u1ea1o b\u00e1o c\u00e1o, ph\u00e2n lo\u1ea1i &amp; l\u01b0u tr\u1eef d\u1eef li\u1ec7u, ch\u0103m s\u00f3c kh\u00e1ch h\u00e0ng, ph\u00e2n ph\u1ed1i c\u00f4ng vi\u1ec7c ho\u1eb7c x\u1eed l\u00fd th\u00f4ng [&hellip;]<\/p>","protected":false},"author":4,"featured_media":0,"parent":0,"menu_order":0,"comment_status":"closed","ping_status":"closed","template":"","meta":{"footnotes":""},"class_list":["post-2794","page","type-page","status-publish","hentry"],"_links":{"self":[{"href":"https:\/\/beonetech.vn\/en\/wp-json\/wp\/v2\/pages\/2794","targetHints":{"allow":["GET"]}}],"collection":[{"href":"https:\/\/beonetech.vn\/en\/wp-json\/wp\/v2\/pages"}],"about":[{"href":"https:\/\/beonetech.vn\/en\/wp-json\/wp\/v2\/types\/page"}],"author":[{"embeddable":true,"href":"https:\/\/beonetech.vn\/en\/wp-json\/wp\/v2\/users\/4"}],"replies":[{"embeddable":true,"href":"https:\/\/beonetech.vn\/en\/wp-json\/wp\/v2\/comments?post=2794"}],"version-history":[{"count":10,"href":"https:\/\/beonetech.vn\/en\/wp-json\/wp\/v2\/pages\/2794\/revisions"}],"predecessor-version":[{"id":2899,"href":"https:\/\/beonetech.vn\/en\/wp-json\/wp\/v2\/pages\/2794\/revisions\/2899"}],"wp:attachment":[{"href":"https:\/\/beonetech.vn\/en\/wp-json\/wp\/v2\/media?parent=2794"}],"curies":[{"name":"wp","href":"https:\/\/api.w.org\/{rel}","templated":true}]}}