{"id":1372,"date":"2025-04-01T10:06:35","date_gmt":"2025-04-01T10:06:35","guid":{"rendered":"https:\/\/beonetech.vn\/?page_id=1372"},"modified":"2025-10-31T01:42:10","modified_gmt":"2025-10-31T01:42:10","slug":"giai-phap-ban-hang-va-quan-ly-tong-the","status":"publish","type":"page","link":"https:\/\/beonetech.vn\/en\/giai-phap-ban-hang-va-quan-ly-tong-the\/","title":{"rendered":"Gi\u1ea3i Ph\u00e1p B\u00e1n H\u00e0ng v\u00e0 Qu\u1ea3n L\u00fd T\u1ed5ng Th\u1ec3"},"content":{"rendered":"<div data-elementor-type=\"wp-page\" data-elementor-id=\"1372\" class=\"elementor elementor-1372\">\n\t\t\t\t<div class=\"elementor-element elementor-element-bd07e0c e-flex e-con-boxed e-con e-parent\" data-id=\"bd07e0c\" data-element_type=\"container\">\n\t\t\t\t\t<div class=\"e-con-inner\">\n\t\t\t\t\t<\/div>\n\t\t\t\t<\/div>\n\t\t<div class=\"elementor-element elementor-element-7f24b3a e-flex e-con-boxed e-con e-parent\" data-id=\"7f24b3a\" data-element_type=\"container\">\n\t\t\t\t\t<div class=\"e-con-inner\">\n\t\t<div class=\"elementor-element elementor-element-2dedd5e e-con-full e-flex e-con e-child\" data-id=\"2dedd5e\" data-element_type=\"container\">\n\t\t\t\t<div class=\"elementor-element elementor-element-79b852c elementor-widget elementor-widget-elementskit-heading\" data-id=\"79b852c\" data-element_type=\"widget\" data-widget_type=\"elementskit-heading.default\">\n\t\t\t\t<div class=\"elementor-widget-container\">\n\t\t\t\t\t<div class=\"ekit-wid-con\" ><div class=\"ekit-heading elementskit-section-title-wraper text_center   ekit_heading_tablet-   ekit_heading_mobile-\"><h2 class=\"ekit-heading--title elementskit-section-title\">Gi\u1ea3i ph\u00e1p b\u00e1n h\u00e0ng v\u00e0 qu\u1ea3n l\u00fd s\u1ea3n ph\u1ea9m <\/h2>\t\t\t\t<div class='ekit-heading__description'>\n\t\t\t\t\t<p>BeOne's One Total Sales and Management Solution is a comprehensive integrated system that helps businesses optimize their operations from inventory management, orders to customer care. With high flexibility, the solution is easily customized to the needs of each industry such as pharmaceuticals, F&amp;B and retail. BeOne also supports strong integration with other systems, ensuring a seamless working environment. BeOne's dedicated support team is always ready to accompany you to resolve any questions and requests.<\/p>\n\t\t\t\t<\/div>\n\t\t\t<\/div><\/div>\t\t\t\t<\/div>\n\t\t\t\t<\/div>\n\t\t\t\t<div class=\"elementor-element elementor-element-14b920c elementor-align-center elementor-widget elementor-widget-elementskit-button\" data-id=\"14b920c\" data-element_type=\"widget\" data-widget_type=\"elementskit-button.default\">\n\t\t\t\t<div class=\"elementor-widget-container\">\n\t\t\t\t\t<div class=\"ekit-wid-con\" >\t\t<div class=\"ekit-btn-wraper\">\n\t\t\t\t\t\t\t<a href=\"https:\/\/beonetech.vn\/en\/contact-us\/\" class=\"elementskit-btn  whitespace--normal\" id=\"\">\n\t\t\t\t\tLi\u00ean H\u1ec7 ngay\t\t\t\t<\/a>\n\t\t\t\t\t<\/div>\n        <\/div>\t\t\t\t<\/div>\n\t\t\t\t<\/div>\n\t\t\t\t<\/div>\n\t\t<div class=\"elementor-element elementor-element-67145a6 e-con-full e-flex e-con e-child\" data-id=\"67145a6\" data-element_type=\"container\">\n\t\t\t\t<div class=\"elementor-element elementor-element-effd1e6 elementor-widget elementor-widget-image\" data-id=\"effd1e6\" data-element_type=\"widget\" data-widget_type=\"image.default\">\n\t\t\t\t<div class=\"elementor-widget-container\">\n\t\t\t\t\t\t\t\t\t\t\t\t\t\t\t<img fetchpriority=\"high\" decoding=\"async\" width=\"720\" height=\"900\" src=\"https:\/\/beonetech.vn\/wp-content\/uploads\/2025\/10\/Giai-phap-ban-hang-va-quan-ly-TONG-THE-1-1.png\" class=\"attachment-large size-large wp-image-1453\" alt=\"\" srcset=\"https:\/\/beonetech.vn\/wp-content\/uploads\/2025\/10\/Giai-phap-ban-hang-va-quan-ly-TONG-THE-1-1.png 800w, https:\/\/beonetech.vn\/wp-content\/uploads\/2025\/10\/Giai-phap-ban-hang-va-quan-ly-TONG-THE-1-1-240x300.png 240w, https:\/\/beonetech.vn\/wp-content\/uploads\/2025\/10\/Giai-phap-ban-hang-va-quan-ly-TONG-THE-1-1-768x960.png 768w, https:\/\/beonetech.vn\/wp-content\/uploads\/2025\/10\/Giai-phap-ban-hang-va-quan-ly-TONG-THE-1-1-10x12.png 10w, https:\/\/beonetech.vn\/wp-content\/uploads\/2025\/10\/Giai-phap-ban-hang-va-quan-ly-TONG-THE-1-1-600x750.png 600w\" sizes=\"(max-width: 720px) 100vw, 720px\" \/>\t\t\t\t\t\t\t\t\t\t\t\t\t\t\t<\/div>\n\t\t\t\t<\/div>\n\t\t\t\t<\/div>\n\t\t\t\t\t<\/div>\n\t\t\t\t<\/div>\n\t\t<div class=\"elementor-element elementor-element-da4b832 e-flex e-con-boxed e-con e-parent\" data-id=\"da4b832\" data-element_type=\"container\">\n\t\t\t\t\t<div class=\"e-con-inner\">\n\t\t\t\t<div class=\"elementor-element elementor-element-7c4a5f0a elementor-widget elementor-widget-elementskit-heading\" data-id=\"7c4a5f0a\" data-element_type=\"widget\" data-widget_type=\"elementskit-heading.default\">\n\t\t\t\t<div class=\"elementor-widget-container\">\n\t\t\t\t\t<div class=\"ekit-wid-con\" ><div class=\"ekit-heading elementskit-section-title-wraper center   ekit_heading_tablet-   ekit_heading_mobile-\"><h2 class=\"ekit-heading--title elementskit-section-title\">V\u00ec sao ch\u1ecdn ch\u00fang t\u00f4i<\/h2>\t\t\t\t<div class='ekit-heading__description'>\n\t\t\t\t\t<p><span style=\"font-weight: 400\">BeOne h\u1ed7 tr\u1ee3 t\u00edch h\u1ee3p, t\u1eadn t\u00e2m, \u0111\u1ea3m b\u1ea3o m\u1ed9t m\u00f4i tr\u01b0\u1eddng l\u00e0m vi\u1ec7c li\u1ec1n m\u1ea1ch. <\/span><\/p>\n\t\t\t\t<\/div>\n\t\t\t<\/div><\/div>\t\t\t\t<\/div>\n\t\t\t\t<\/div>\n\t\t<div class=\"elementor-element elementor-element-64602bea e-con-full e-flex e-con e-child\" data-id=\"64602bea\" data-element_type=\"container\">\n\t\t\t\t<div class=\"elementor-element elementor-element-60ad7df9 elementor-widget elementor-widget-elementskit-faq\" data-id=\"60ad7df9\" data-element_type=\"widget\" data-widget_type=\"elementskit-faq.default\">\n\t\t\t\t<div class=\"elementor-widget-container\">\n\t\t\t\t\t<div class=\"ekit-wid-con\" >\n                <div class=\"elementskit-single-faq elementor-repeater-item-b4559bd\">\n            <div class=\"elementskit-faq-header\">\n                <h2 class=\"elementskit-faq-title\">T\u1ed1i \u01afu H\u00f3a Quy Tr\u00ecnh Ho\u1ea1t \u0110\u1ed9ng<\/h2>\n            <\/div>\n            <div class=\"elementskit-faq-body\">\n                H\u1ec7 th\u1ed1ng t\u00edch h\u1ee3p t\u1eeb qu\u1ea3n l\u00fd t\u1ed3n kho, \u0111\u01a1n h\u00e0ng \u0111\u1ebfn ch\u0103m s\u00f3c kh\u00e1ch h\u00e0ng, ti\u1ebft ki\u1ec7m th\u1eddi gian v\u00e0 n\u00e2ng cao hi\u1ec7u qu\u1ea3 c\u00f4ng vi\u1ec7c.            <\/div>\n        <\/div>\n                <div class=\"elementskit-single-faq elementor-repeater-item-fac0227\">\n            <div class=\"elementskit-faq-header\">\n                <h2 class=\"elementskit-faq-title\">T\u00ednh Linh Ho\u1ea1t Cao  <\/h2>\n            <\/div>\n            <div class=\"elementskit-faq-body\">\n                Gi\u1ea3i ph\u00e1p c\u1ee7a BeOne linh ho\u1ea1t, d\u1ec5 d\u00e0ng t\u00f9y ch\u1ec9nh theo nhu c\u1ea7u c\u1ee7a t\u1eebng doanh nghi\u1ec7p, ph\u00f9 h\u1ee3p v\u1edbi ng\u00e0nh d\u01b0\u1ee3c ph\u1ea9m, F&amp;B v\u00e0 b\u00e1n l\u1ebb.            <\/div>\n        <\/div>\n                <div class=\"elementskit-single-faq elementor-repeater-item-77ad3a7\">\n            <div class=\"elementskit-faq-header\">\n                <h2 class=\"elementskit-faq-title\">Kh\u1ea3 N\u0103ng T\u00edch H\u1ee3p M\u1ea1nh M\u1ebd<\/h2>\n            <\/div>\n            <div class=\"elementskit-faq-body\">\n                BeOne cho ph\u00e9p t\u00edch h\u1ee3p hi\u1ec7u qu\u1ea3 v\u1edbi c\u00e1c h\u1ec7 th\u1ed1ng kh\u00e1c nh\u01b0 ph\u1ea7n m\u1ec1m k\u1ebf to\u00e1n v\u00e0 qu\u1ea3n l\u00fd kh\u00e1ch h\u00e0ng, t\u1ea1o m\u00f4i tr\u01b0\u1eddng l\u00e0m vi\u1ec7c li\u1ec1n m\u1ea1ch.            <\/div>\n        <\/div>\n                \n    <\/div>\t\t\t\t<\/div>\n\t\t\t\t<\/div>\n\t\t\t\t<div class=\"elementor-element elementor-element-2242c702 elementor-widget elementor-widget-elementskit-faq\" data-id=\"2242c702\" data-element_type=\"widget\" data-widget_type=\"elementskit-faq.default\">\n\t\t\t\t<div class=\"elementor-widget-container\">\n\t\t\t\t\t<div class=\"ekit-wid-con\" >\n                <div class=\"elementskit-single-faq elementor-repeater-item-7a88ea4\">\n            <div class=\"elementskit-faq-header\">\n                <h2 class=\"elementskit-faq-title\">H\u1ed7 Tr\u1ee3 T\u1eadn T\u00e2m  <\/h2>\n            <\/div>\n            <div class=\"elementskit-faq-body\">\n                \u0110\u1ed9i ng\u0169 BeOne cam k\u1ebft h\u1ed7 tr\u1ee3 t\u1eadn t\u00e2m, s\u1eb5n s\u00e0ng gi\u1ea3i quy\u1ebft m\u1ecdi th\u1eafc m\u1eafc c\u1ee7a b\u1ea1n trong qu\u00e1 tr\u00ecnh tri\u1ec3n khai.\n            <\/div>\n        <\/div>\n                <div class=\"elementskit-single-faq elementor-repeater-item-6a3c45d\">\n            <div class=\"elementskit-faq-header\">\n                <h2 class=\"elementskit-faq-title\">Tri\u1ec3n Khai Cho Nhi\u1ec1u Ng\u00e0nh <\/h2>\n            <\/div>\n            <div class=\"elementskit-faq-body\">\n                Gi\u1ea3i ph\u00e1p c\u1ee7a BeOne \u0111\u00e3 th\u00e0nh c\u00f4ng trong nhi\u1ec1u l\u0129nh v\u1ef1c, \u0111\u1ea3m b\u1ea3o hi\u1ec7u qu\u1ea3 kinh doanh v\u00e0 \u0111\u00e1p \u1ee9ng nhu c\u1ea7u th\u1ecb tr\u01b0\u1eddng.\n            <\/div>\n        <\/div>\n                <div class=\"elementskit-single-faq elementor-repeater-item-2bdd6cc\">\n            <div class=\"elementskit-faq-header\">\n                <h2 class=\"elementskit-faq-title\">C\u1ea3i Thi\u1ec7n Tr\u1ea3i Nghi\u1ec7m Kh\u00e1ch H\u00e0ng<\/h2>\n            <\/div>\n            <div class=\"elementskit-faq-body\">\n                V\u1edbi c\u00e1c c\u00f4ng c\u1ee5 ch\u0103m s\u00f3c kh\u00e1ch h\u00e0ng ti\u00ean ti\u1ebfn, BeOne gi\u00fap doanh nghi\u1ec7p n\u00e2ng cao tr\u1ea3i nghi\u1ec7m c\u1ee7a kh\u00e1ch h\u00e0ng, t\u1eeb \u0111\u00f3 t\u0103ng c\u01b0\u1eddng s\u1ef1 trung th\u00e0nh v\u00e0 gi\u1eef ch\u00e2n kh\u00e1ch h\u00e0ng l\u00e2u d\u00e0i.            <\/div>\n        <\/div>\n                \n    <\/div>\t\t\t\t<\/div>\n\t\t\t\t<\/div>\n\t\t\t\t<\/div>\n\t\t\t\t\t<\/div>\n\t\t\t\t<\/div>\n\t\t\t\t<section class=\"elementor-section elementor-top-section elementor-element elementor-element-432c499c elementor-section-full_width elementor-section-height-default elementor-section-height-default\" data-id=\"432c499c\" data-element_type=\"section\" data-settings=\"{&quot;background_background&quot;:&quot;classic&quot;}\">\n\t\t\t\t\t\t<div class=\"elementor-container elementor-column-gap-default\">\n\t\t\t\t\t<div class=\"elementor-column elementor-col-100 elementor-top-column elementor-element elementor-element-52de07df\" data-id=\"52de07df\" data-element_type=\"column\">\n\t\t\t<div class=\"elementor-widget-wrap elementor-element-populated\">\n\t\t\t\t<div class=\"elementor-element elementor-element-559336a1 e-flex e-con-boxed e-con e-parent\" data-id=\"559336a1\" data-element_type=\"container\">\n\t\t\t\t\t<div class=\"e-con-inner\">\n\t\t\t\t<div class=\"elementor-element elementor-element-1af3a545 elementor-widget elementor-widget-elementskit-heading\" data-id=\"1af3a545\" data-element_type=\"widget\" data-widget_type=\"elementskit-heading.default\">\n\t\t\t\t<div class=\"elementor-widget-container\">\n\t\t\t\t\t<div class=\"ekit-wid-con\" ><div class=\"ekit-heading elementskit-section-title-wraper text_center   ekit_heading_tablet-   ekit_heading_mobile-\"><h2 class=\"ekit-heading--title elementskit-section-title\">WHY CHOOSE US<\/h2><\/div><\/div>\t\t\t\t<\/div>\n\t\t\t\t<\/div>\n\t\t<div class=\"elementor-element elementor-element-158df3ae e-grid e-con-full e-con e-child\" data-id=\"158df3ae\" data-element_type=\"container\" data-settings=\"{&quot;background_background&quot;:&quot;classic&quot;}\">\n\t\t\t\t<div class=\"elementor-element elementor-element-293792aa ekit-equal-height-disable elementor-widget elementor-widget-elementskit-icon-box\" data-id=\"293792aa\" data-element_type=\"widget\" data-widget_type=\"elementskit-icon-box.default\">\n\t\t\t\t<div class=\"elementor-widget-container\">\n\t\t\t\t\t<div class=\"ekit-wid-con\" >        <!-- link opening -->\n                <a href=\"#\" class=\"ekit_global_links\">\n                <!-- end link opening -->\n\n        <div class=\"elementskit-infobox text-center text- icon-top-align elementor-animation-\">\n                    <div class=\"elementskit-box-header elementor-animation-\">\n                <div class=\"elementskit-info-box-icon\">\n                    <svg aria-hidden=\"true\" class=\"elementkit-infobox-icon e-font-icon-svg e-fas-clipboard-list\" viewbox=\"0 0 384 512\" xmlns=\"http:\/\/www.w3.org\/2000\/svg\"><path d=\"M336 64h-80c0-35.3-28.7-64-64-64s-64 28.7-64 64H48C21.5 64 0 85.5 0 112v352c0 26.5 21.5 48 48 48h288c26.5 0 48-21.5 48-48V112c0-26.5-21.5-48-48-48zM96 424c-13.3 0-24-10.7-24-24s10.7-24 24-24 24 10.7 24 24-10.7 24-24 24zm0-96c-13.3 0-24-10.7-24-24s10.7-24 24-24 24 10.7 24 24-10.7 24-24 24zm0-96c-13.3 0-24-10.7-24-24s10.7-24 24-24 24 10.7 24 24-10.7 24-24 24zm96-192c13.3 0 24 10.7 24 24s-10.7 24-24 24-24-10.7-24-24 10.7-24 24-24zm128 368c0 4.4-3.6 8-8 8H168c-4.4 0-8-3.6-8-8v-16c0-4.4 3.6-8 8-8h144c4.4 0 8 3.6 8 8v16zm0-96c0 4.4-3.6 8-8 8H168c-4.4 0-8-3.6-8-8v-16c0-4.4 3.6-8 8-8h144c4.4 0 8 3.6 8 8v16zm0-96c0 4.4-3.6 8-8 8H168c-4.4 0-8-3.6-8-8v-16c0-4.4 3.6-8 8-8h144c4.4 0 8 3.6 8 8v16z\"><\/path><\/svg>\n                <\/div>\n          <\/div>\n                        <div class=\"box-body\">\n                            <h3 class=\"elementskit-info-box-title\">\n                    Businesses want to own their own software or follow the specifics                <\/h3>\n                                            <\/div>\n        \n        \n                <\/div>\n                <\/a>\n        <\/div>\t\t\t\t<\/div>\n\t\t\t\t<\/div>\n\t\t\t\t<div class=\"elementor-element elementor-element-167287c1 ekit-equal-height-disable elementor-widget elementor-widget-elementskit-icon-box\" data-id=\"167287c1\" data-element_type=\"widget\" data-widget_type=\"elementskit-icon-box.default\">\n\t\t\t\t<div class=\"elementor-widget-container\">\n\t\t\t\t\t<div class=\"ekit-wid-con\" >        <!-- link opening -->\n                <!-- end link opening -->\n\n        <div class=\"elementskit-infobox text-center text- icon-top-align elementor-animation-\">\n                    <div class=\"elementskit-box-header elementor-animation-\">\n                <div class=\"elementskit-info-box-icon\">\n                    <svg aria-hidden=\"true\" class=\"elementkit-infobox-icon e-font-icon-svg e-fas-user-friends\" viewbox=\"0 0 640 512\" xmlns=\"http:\/\/www.w3.org\/2000\/svg\"><path d=\"M192 256c61.9 0 112-50.1 112-112S253.9 32 192 32 80 82.1 80 144s50.1 112 112 112zm76.8 32h-8.3c-20.8 10-43.9 16-68.5 16s-47.6-6-68.5-16h-8.3C51.6 288 0 339.6 0 403.2V432c0 26.5 21.5 48 48 48h288c26.5 0 48-21.5 48-48v-28.8c0-63.6-51.6-115.2-115.2-115.2zM480 256c53 0 96-43 96-96s-43-96-96-96-96 43-96 96 43 96 96 96zm48 32h-3.8c-13.9 4.8-28.6 8-44.2 8s-30.3-3.2-44.2-8H432c-20.4 0-39.2 5.9-55.7 15.4 24.4 26.3 39.7 61.2 39.7 99.8v38.4c0 2.2-.5 4.3-.6 6.4H592c26.5 0 48-21.5 48-48 0-61.9-50.1-112-112-112z\"><\/path><\/svg>\n                <\/div>\n          <\/div>\n                        <div class=\"box-body\">\n                            <h3 class=\"elementskit-info-box-title\">\n                    A team of experienced experts implementing projects with a variety of roles                <\/h3>\n                                            <\/div>\n        \n        \n                <\/div>\n        <\/div>\t\t\t\t<\/div>\n\t\t\t\t<\/div>\n\t\t\t\t<div class=\"elementor-element elementor-element-2dcc9a6f ekit-equal-height-disable elementor-widget elementor-widget-elementskit-icon-box\" data-id=\"2dcc9a6f\" data-element_type=\"widget\" data-widget_type=\"elementskit-icon-box.default\">\n\t\t\t\t<div class=\"elementor-widget-container\">\n\t\t\t\t\t<div class=\"ekit-wid-con\" >        <!-- link opening -->\n                <a href=\"#\" class=\"ekit_global_links\">\n                <!-- end link opening -->\n\n        <div class=\"elementskit-infobox text-center text- icon-top-align elementor-animation-\">\n                    <div class=\"elementskit-box-header elementor-animation-\">\n                <div class=\"elementskit-info-box-icon\">\n                    <svg aria-hidden=\"true\" class=\"elementkit-infobox-icon e-font-icon-svg e-fas-money-bill\" viewbox=\"0 0 640 512\" xmlns=\"http:\/\/www.w3.org\/2000\/svg\"><path d=\"M608 64H32C14.33 64 0 78.33 0 96v320c0 17.67 14.33 32 32 32h576c17.67 0 32-14.33 32-32V96c0-17.67-14.33-32-32-32zM48 400v-64c35.35 0 64 28.65 64 64H48zm0-224v-64h64c0 35.35-28.65 64-64 64zm272 176c-44.19 0-80-42.99-80-96 0-53.02 35.82-96 80-96s80 42.98 80 96c0 53.03-35.83 96-80 96zm272 48h-64c0-35.35 28.65-64 64-64v64zm0-224c-35.35 0-64-28.65-64-64h64v64z\"><\/path><\/svg>\n                <\/div>\n          <\/div>\n                        <div class=\"box-body\">\n                            <h3 class=\"elementskit-info-box-title\">\n                    Competitive and optimal cost                <\/h3>\n                                            <\/div>\n        \n        \n                <\/div>\n                <\/a>\n        <\/div>\t\t\t\t<\/div>\n\t\t\t\t<\/div>\n\t\t\t\t<div class=\"elementor-element elementor-element-5c19e023 ekit-equal-height-disable elementor-widget elementor-widget-elementskit-icon-box\" data-id=\"5c19e023\" data-element_type=\"widget\" data-widget_type=\"elementskit-icon-box.default\">\n\t\t\t\t<div class=\"elementor-widget-container\">\n\t\t\t\t\t<div class=\"ekit-wid-con\" >        <!-- link opening -->\n                <a href=\"#\" class=\"ekit_global_links\">\n                <!-- end link opening -->\n\n        <div class=\"elementskit-infobox text-center text- icon-top-align elementor-animation-\">\n                    <div class=\"elementskit-box-header elementor-animation-\">\n                <div class=\"elementskit-info-box-icon\">\n                    <i aria-hidden=\"true\" class=\"elementkit-infobox-icon icon icon-Consultancy\"><\/i>\n                <\/div>\n          <\/div>\n                        <div class=\"box-body\">\n                            <h3 class=\"elementskit-info-box-title\">\n                    Accompanying with businesses                <\/h3>\n                                            <\/div>\n        \n        \n                <\/div>\n                <\/a>\n        <\/div>\t\t\t\t<\/div>\n\t\t\t\t<\/div>\n\t\t\t\t<div class=\"elementor-element elementor-element-55eaf860 ekit-equal-height-disable elementor-widget elementor-widget-elementskit-icon-box\" data-id=\"55eaf860\" data-element_type=\"widget\" data-widget_type=\"elementskit-icon-box.default\">\n\t\t\t\t<div class=\"elementor-widget-container\">\n\t\t\t\t\t<div class=\"ekit-wid-con\" >        <!-- link opening -->\n                <a href=\"#\" class=\"ekit_global_links\">\n                <!-- end link opening -->\n\n        <div class=\"elementskit-infobox text-center text- icon-top-align elementor-animation-\">\n                    <div class=\"elementskit-box-header elementor-animation-\">\n                <div class=\"elementskit-info-box-icon\">\n                    <svg aria-hidden=\"true\" class=\"elementkit-infobox-icon e-font-icon-svg e-fas-clipboard-check\" viewbox=\"0 0 384 512\" xmlns=\"http:\/\/www.w3.org\/2000\/svg\"><path d=\"M336 64h-80c0-35.3-28.7-64-64-64s-64 28.7-64 64H48C21.5 64 0 85.5 0 112v352c0 26.5 21.5 48 48 48h288c26.5 0 48-21.5 48-48V112c0-26.5-21.5-48-48-48zM192 40c13.3 0 24 10.7 24 24s-10.7 24-24 24-24-10.7-24-24 10.7-24 24-24zm121.2 231.8l-143 141.8c-4.7 4.7-12.3 4.6-17-.1l-82.6-83.3c-4.7-4.7-4.6-12.3.1-17L99.1 285c4.7-4.7 12.3-4.6 17 .1l46 46.4 106-105.2c4.7-4.7 12.3-4.6 17 .1l28.2 28.4c4.7 4.8 4.6 12.3-.1 17z\"><\/path><\/svg>\n                <\/div>\n          <\/div>\n                        <div class=\"box-body\">\n                            <h3 class=\"elementskit-info-box-title\">\n                    Ensuring a successful project                <\/h3>\n                                            <\/div>\n        \n        \n                <\/div>\n                <\/a>\n        <\/div>\t\t\t\t<\/div>\n\t\t\t\t<\/div>\n\t\t\t\t<div class=\"elementor-element elementor-element-7055c5f8 ekit-equal-height-disable elementor-widget elementor-widget-elementskit-icon-box\" data-id=\"7055c5f8\" data-element_type=\"widget\" data-widget_type=\"elementskit-icon-box.default\">\n\t\t\t\t<div class=\"elementor-widget-container\">\n\t\t\t\t\t<div class=\"ekit-wid-con\" >        <!-- link opening -->\n                <a href=\"#\" class=\"ekit_global_links\">\n                <!-- end link opening -->\n\n        <div class=\"elementskit-infobox text-center text- icon-top-align elementor-animation-\">\n                    <div class=\"elementskit-box-header elementor-animation-\">\n                <div class=\"elementskit-info-box-icon\">\n                    <i aria-hidden=\"true\" class=\"elementkit-infobox-icon icon icon-idea_generate\"><\/i>\n                <\/div>\n          <\/div>\n                        <div class=\"box-body\">\n                            <h3 class=\"elementskit-info-box-title\">\n                    Constantly updating new technology techniques                <\/h3>\n                                            <\/div>\n        \n        \n                <\/div>\n                <\/a>\n        <\/div>\t\t\t\t<\/div>\n\t\t\t\t<\/div>\n\t\t\t\t<\/div>\n\t\t\t\t\t<\/div>\n\t\t\t\t<\/div>\n\t\t\t\t\t<\/div>\n\t\t<\/div>\n\t\t\t\t\t<\/div>\n\t\t<\/section>\n\t\t\t\t<\/div>","protected":false},"excerpt":{"rendered":"<p>Gi\u1ea3i ph\u00e1p b\u00e1n h\u00e0ng v\u00e0 qu\u1ea3n l\u00fd s\u1ea3n ph\u1ea9m Gi\u1ea3i Ph\u00e1p B\u00e1n H\u00e0ng v\u00e0 Qu\u1ea3n L\u00fd T\u1ed5ng Th\u1ec3 One c\u1ee7a BeOne l\u00e0 m\u1ed9t h\u1ec7 th\u1ed1ng t\u00edch h\u1ee3p to\u00e0n di\u1ec7n, gi\u00fap doanh nghi\u1ec7p t\u1ed1i \u01b0u h\u00f3a quy tr\u00ecnh ho\u1ea1t \u0111\u1ed9ng t\u1eeb qu\u1ea3n l\u00fd t\u1ed3n kho, \u0111\u01a1n h\u00e0ng \u0111\u1ebfn ch\u0103m s\u00f3c kh\u00e1ch h\u00e0ng. V\u1edbi t\u00ednh linh ho\u1ea1t cao, gi\u1ea3i ph\u00e1p d\u1ec5 d\u00e0ng [&hellip;]<\/p>","protected":false},"author":1,"featured_media":0,"parent":0,"menu_order":0,"comment_status":"closed","ping_status":"closed","template":"","meta":{"footnotes":""},"class_list":["post-1372","page","type-page","status-publish","hentry"],"_links":{"self":[{"href":"https:\/\/beonetech.vn\/en\/wp-json\/wp\/v2\/pages\/1372","targetHints":{"allow":["GET"]}}],"collection":[{"href":"https:\/\/beonetech.vn\/en\/wp-json\/wp\/v2\/pages"}],"about":[{"href":"https:\/\/beonetech.vn\/en\/wp-json\/wp\/v2\/types\/page"}],"author":[{"embeddable":true,"href":"https:\/\/beonetech.vn\/en\/wp-json\/wp\/v2\/users\/1"}],"replies":[{"embeddable":true,"href":"https:\/\/beonetech.vn\/en\/wp-json\/wp\/v2\/comments?post=1372"}],"version-history":[{"count":34,"href":"https:\/\/beonetech.vn\/en\/wp-json\/wp\/v2\/pages\/1372\/revisions"}],"predecessor-version":[{"id":2884,"href":"https:\/\/beonetech.vn\/en\/wp-json\/wp\/v2\/pages\/1372\/revisions\/2884"}],"wp:attachment":[{"href":"https:\/\/beonetech.vn\/en\/wp-json\/wp\/v2\/media?parent=1372"}],"curies":[{"name":"wp","href":"https:\/\/api.w.org\/{rel}","templated":true}]}}