{"id":1301,"date":"2025-03-12T09:06:52","date_gmt":"2025-03-12T09:06:52","guid":{"rendered":"https:\/\/beonetech.vn\/?page_id=1301"},"modified":"2025-03-12T09:08:17","modified_gmt":"2025-03-12T09:08:17","slug":"dieu-khoan-su-dung","status":"publish","type":"page","link":"https:\/\/beonetech.vn\/en\/dieu-khoan-su-dung\/","title":{"rendered":"\u0110I\u1ec0U KHO\u1ea2N S\u1eec D\u1ee4NG"},"content":{"rendered":"<div data-elementor-type=\"wp-page\" data-elementor-id=\"1301\" class=\"elementor elementor-1301\">\n\t\t\t\t<div class=\"elementor-element elementor-element-cd238fe e-flex e-con-boxed e-con e-parent\" data-id=\"cd238fe\" data-element_type=\"container\">\n\t\t\t\t\t<div class=\"e-con-inner\">\n\t\t\t\t<div class=\"elementor-element elementor-element-e7832a8 eael-dual-header-content-align-center elementor-widget elementor-widget-eael-dual-color-header\" data-id=\"e7832a8\" data-element_type=\"widget\" data-widget_type=\"eael-dual-color-header.default\">\n\t\t\t\t<div class=\"elementor-widget-container\">\n\t\t\t\t\t\t\t\t<div class=\"eael-dual-header\">\n\t\t\t\t<h2 class=\"title eael-dch-title\"><span class=\"eael-dch-title-text eael-dch-title-lead lead solid-color\">\u0110I\u1ec0U KHO\u1ea2N S\u1eec D\u1ee4NG<\/span> <span class=\"eael-dch-title-text\"><\/span><\/h2>\t\t\t\t\t<span class=\"subtext\"><p><span style=\"font-weight: 400;\">Ch\u00e0o m\u1eebng b\u1ea1n \u0111\u1ebfn v\u1edbi website c\u1ee7a BeOne! Vui l\u00f2ng \u0111\u1ecdc k\u1ef9 c\u00e1c \u0111i\u1ec1u kho\u1ea3n s\u1eed d\u1ee5ng d\u01b0\u1edbi \u0111\u00e2y tr\u01b0\u1edbc khi truy c\u1eadp ho\u1eb7c s\u1eed d\u1ee5ng b\u1ea5t k\u1ef3 d\u1ecbch v\u1ee5 n\u00e0o c\u1ee7a ch\u00fang t\u00f4i.<\/span><\/p><\/span>\n\t\t\t\t\t\t\t<\/div>\n\n\t\t\t\t\t\t<\/div>\n\t\t\t\t<\/div>\n\t\t\t\t\t<\/div>\n\t\t\t\t<\/div>\n\t\t<div class=\"elementor-element elementor-element-edead83 e-flex e-con-boxed e-con e-parent\" data-id=\"edead83\" data-element_type=\"container\">\n\t\t\t\t\t<div class=\"e-con-inner\">\n\t\t\t\t<div class=\"elementor-element elementor-element-261803b elementor-widget elementor-widget-text-editor\" data-id=\"261803b\" data-element_type=\"widget\" data-widget_type=\"text-editor.default\">\n\t\t\t\t<div class=\"elementor-widget-container\">\n\t\t\t\t\t\t\t\t\t<ol><li><b> Ch\u1ea5p nh\u1eadn c\u00e1c \u0111i\u1ec1u kho\u1ea3n<\/b><\/li><\/ol><p><span style=\"font-weight: 400;\">B\u1eb1ng c\u00e1ch truy c\u1eadp ho\u1eb7c s\u1eed d\u1ee5ng website c\u1ee7a BeOne, b\u1ea1n \u0111\u1ed3ng \u00fd b\u1ecb r\u00e0ng bu\u1ed9c b\u1edfi c\u00e1c \u0111i\u1ec1u kho\u1ea3n s\u1eed d\u1ee5ng n\u00e0y. N\u1ebfu b\u1ea1n kh\u00f4ng \u0111\u1ed3ng \u00fd v\u1edbi b\u1ea5t k\u1ef3 \u0111i\u1ec1u kho\u1ea3n n\u00e0o, vui l\u00f2ng kh\u00f4ng s\u1eed d\u1ee5ng website c\u1ee7a ch\u00fang t\u00f4i.<\/span><\/p><ol start=\"2\"><li><b> Quy\u1ec1n v\u00e0 ngh\u0129a v\u1ee5 c\u1ee7a ng\u01b0\u1eddi d\u00f9ng<\/b><\/li><\/ol><ul><li style=\"font-weight: 400;\" aria-level=\"1\"><b>Quy\u1ec1n c\u1ee7a ng\u01b0\u1eddi d\u00f9ng:<\/b><ul><li style=\"font-weight: 400;\" aria-level=\"2\"><span style=\"font-weight: 400;\">Truy c\u1eadp v\u00e0 s\u1eed d\u1ee5ng website c\u1ee7a BeOne \u0111\u00fang m\u1ee5c \u0111\u00edch.<\/span><\/li><li style=\"font-weight: 400;\" aria-level=\"2\"><span style=\"font-weight: 400;\">Y\u00eau c\u1ea7u h\u1ed7 tr\u1ee3 t\u1eeb BeOne khi g\u1eb7p s\u1ef1 c\u1ed1 ho\u1eb7c c\u00f3 th\u1eafc m\u1eafc c\u1ea7n h\u1ed7 tr\u1ee3.<\/span><\/li><\/ul><\/li><li style=\"font-weight: 400;\" aria-level=\"1\"><b>Ngh\u0129a v\u1ee5 c\u1ee7a ng\u01b0\u1eddi d\u00f9ng:<\/b><ul><li style=\"font-weight: 400;\" aria-level=\"2\"><span style=\"font-weight: 400;\">Cung c\u1ea5p th\u00f4ng tin ch\u00ednh x\u00e1c v\u00e0 \u0111\u1ea7y \u0111\u1ee7 khi \u0111\u0103ng k\u00fd t\u00e0i kho\u1ea3n ho\u1eb7c s\u1eed d\u1ee5ng d\u1ecbch v\u1ee5.<\/span><\/li><li style=\"font-weight: 400;\" aria-level=\"2\"><span style=\"font-weight: 400;\">Kh\u00f4ng s\u1eed d\u1ee5ng website c\u1ee7a BeOne cho c\u00e1c m\u1ee5c \u0111\u00edch b\u1ea5t h\u1ee3p ph\u00e1p ho\u1eb7c vi ph\u1ea1m \u0111\u1ea1o \u0111\u1ee9c.<\/span><\/li><li style=\"font-weight: 400;\" aria-level=\"2\"><span style=\"font-weight: 400;\">Kh\u00f4ng x\u00e2m ph\u1ea1m ho\u1eb7c ph\u00e1 ho\u1ea1i h\u1ec7 th\u1ed1ng, d\u1eef li\u1ec7u c\u1ee7a BeOne.<\/span><\/li><li style=\"font-weight: 400;\" aria-level=\"2\"><span style=\"font-weight: 400;\">Tu\u00e2n th\u1ee7 c\u00e1c quy \u0111\u1ecbnh v\u00e0 h\u01b0\u1edbng d\u1eabn c\u1ee7a BeOne.<\/span><\/li><\/ul><\/li><\/ul><ol start=\"4\"><li><b> Quy\u1ec1n v\u00e0 ngh\u0129a v\u1ee5 c\u1ee7a BeOne<\/b><\/li><\/ol><ul><li style=\"font-weight: 400;\" aria-level=\"1\"><b>Quy\u1ec1n c\u1ee7a BeOne:<\/b><ul><li style=\"font-weight: 400;\" aria-level=\"2\"><span style=\"font-weight: 400;\">Thay \u0111\u1ed5i ho\u1eb7c ng\u1eebng cung c\u1ea5p d\u1ecbch v\u1ee5 b\u1ea5t k\u1ef3 l\u00fac n\u00e0o.<\/span><\/li><li style=\"font-weight: 400;\" aria-level=\"2\"><span style=\"font-weight: 400;\">T\u1eeb ch\u1ed1i ho\u1eb7c h\u1ea1n ch\u1ebf truy c\u1eadp c\u1ee7a ng\u01b0\u1eddi d\u00f9ng v\u00e0o website n\u1ebfu vi ph\u1ea1m \u0111i\u1ec1u kho\u1ea3n.<\/span><\/li><li style=\"font-weight: 400;\" aria-level=\"2\"><span style=\"font-weight: 400;\">Thu th\u1eadp v\u00e0 s\u1eed d\u1ee5ng th\u00f4ng tin ng\u01b0\u1eddi d\u00f9ng theo ch\u00ednh s\u00e1ch b\u1ea3o m\u1eadt.<\/span><\/li><\/ul><\/li><li style=\"font-weight: 400;\" aria-level=\"1\"><b>Ngh\u0129a v\u1ee5 c\u1ee7a BeOne:<\/b><ul><li style=\"font-weight: 400;\" aria-level=\"2\"><span style=\"font-weight: 400;\">Cung c\u1ea5p d\u1ecbch v\u1ee5 ch\u1ea5t l\u01b0\u1ee3ng v\u00e0 h\u1ed7 tr\u1ee3 ng\u01b0\u1eddi d\u00f9ng t\u1eadn t\u00ecnh.<\/span><\/li><li style=\"font-weight: 400;\" aria-level=\"2\"><span style=\"font-weight: 400;\">B\u1ea3o m\u1eadt th\u00f4ng tin ng\u01b0\u1eddi d\u00f9ng theo ch\u00ednh s\u00e1ch b\u1ea3o m\u1eadt.<\/span><\/li><\/ul><\/li><\/ul><ol start=\"5\"><li><b> Gi\u1edbi h\u1ea1n tr\u00e1ch nhi\u1ec7m<\/b><\/li><\/ol><p><span style=\"font-weight: 400;\">BeOne kh\u00f4ng ch\u1ecbu tr\u00e1ch nhi\u1ec7m v\u1ec1 b\u1ea5t k\u1ef3 thi\u1ec7t h\u1ea1i n\u00e0o ph\u00e1t sinh t\u1eeb vi\u1ec7c s\u1eed d\u1ee5ng ho\u1eb7c kh\u00f4ng th\u1ec3 s\u1eed d\u1ee5ng website c\u1ee7a ch\u00fang t\u00f4i.<\/span><\/p><ol start=\"6\"><li><b> S\u1edf h\u1eefu tr\u00ed tu\u1ec7<\/b><\/li><\/ol><p><span style=\"font-weight: 400;\">T\u1ea5t c\u1ea3 n\u1ed9i dung tr\u00ean website\/ \u1ee9ng d\u1ee5ng c\u1ee7a BeOne, bao g\u1ed3m v\u0103n b\u1ea3n, h\u00ecnh \u1ea3nh, video, logo, nh\u00e3n hi\u1ec7u&#8230; \u0111\u1ec1u thu\u1ed9c s\u1edf h\u1eefu c\u1ee7a BeOne ho\u1eb7c c\u00e1c b\u00ean li\u00ean quan. Ng\u01b0\u1eddi d\u00f9ng kh\u00f4ng \u0111\u01b0\u1ee3c ph\u00e9p sao ch\u00e9p, s\u1eeda \u0111\u1ed5i, ph\u00e2n ph\u1ed1i ho\u1eb7c s\u1eed d\u1ee5ng cho m\u1ee5c \u0111\u00edch th\u01b0\u01a1ng m\u1ea1i m\u00e0 kh\u00f4ng c\u00f3 s\u1ef1 \u0111\u1ed3ng \u00fd b\u1eb1ng v\u0103n b\u1ea3n c\u1ee7a BeOne.<\/span><\/p><ol start=\"7\"><li><b> \u0110i\u1ec1u kho\u1ea3n chung<\/b><\/li><\/ol><ul><li style=\"font-weight: 400;\" aria-level=\"1\"><span style=\"font-weight: 400;\">C\u00e1c \u0111i\u1ec1u kho\u1ea3n s\u1eed d\u1ee5ng n\u00e0y c\u00f3 th\u1ec3 \u0111\u01b0\u1ee3c thay \u0111\u1ed5i ho\u1eb7c b\u1ed5 sung b\u1edfi BeOne b\u1ea5t k\u1ef3 l\u00fac n\u00e0o.<\/span><\/li><li style=\"font-weight: 400;\" aria-level=\"1\"><span style=\"font-weight: 400;\">N\u1ebfu c\u00f3 b\u1ea5t k\u1ef3 tranh ch\u1ea5p n\u00e0o ph\u00e1t sinh, hai b\u00ean s\u1ebd gi\u1ea3i quy\u1ebft th\u00f4ng qua th\u01b0\u01a1ng l\u01b0\u1ee3ng.<\/span><\/li><li style=\"font-weight: 400;\" aria-level=\"1\"><span style=\"font-weight: 400;\">C\u00e1c \u0111i\u1ec1u kho\u1ea3n s\u1eed d\u1ee5ng n\u00e0y \u0111\u01b0\u1ee3c \u0111i\u1ec1u ch\u1ec9nh b\u1edfi ph\u00e1p lu\u1eadt Vi\u1ec7t Nam.<\/span><\/li><\/ul><ol start=\"8\"><li><b> Contact Information<\/b><\/li><\/ol><p><span style=\"font-weight: 400;\">N\u1ebfu b\u1ea1n c\u00f3 b\u1ea5t k\u1ef3 c\u00e2u h\u1ecfi ho\u1eb7c th\u1eafc m\u1eafc n\u00e0o v\u1ec1 \u0111i\u1ec1u kho\u1ea3n s\u1eed d\u1ee5ng, vui l\u00f2ng li\u00ean h\u1ec7 v\u1edbi ch\u00fang t\u00f4i qua:<\/span><\/p><ul><li style=\"font-weight: 400;\" aria-level=\"1\"><span style=\"font-weight: 400;\">Hotline: 0902 000 153<\/span><\/li><li style=\"font-weight: 400;\" aria-level=\"1\"><span style=\"font-weight: 400;\">Zalo: 0902 000 153<\/span><\/li><li style=\"font-weight: 400;\" aria-level=\"1\"><span style=\"font-weight: 400;\">Email: <\/span><a href=\"mailto:sale@beonetech.vn\"><span style=\"font-weight: 400;\">sale@beonetech.vn<\/span><\/a><\/li><li style=\"font-weight: 400;\" aria-level=\"1\"><span style=\"font-weight: 400;\">Fanpage: <\/span><a href=\"https:\/\/www.facebook.com\/beonetechnology\"><span style=\"font-weight: 400;\">https:\/\/www.facebook.com\/beonetechnology<\/span><\/a><\/li><li style=\"font-weight: 400;\" aria-level=\"1\"><span style=\"font-weight: 400;\">Website: beonetech.vn<\/span><\/li><\/ul>\t\t\t\t\t\t\t\t<\/div>\n\t\t\t\t<\/div>\n\t\t\t\t\t<\/div>\n\t\t\t\t<\/div>\n\t\t\t\t<\/div>","protected":false},"excerpt":{"rendered":"<p>\u0110I\u1ec0U KHO\u1ea2N S\u1eec D\u1ee4NG Ch\u00e0o m\u1eebng b\u1ea1n \u0111\u1ebfn v\u1edbi website c\u1ee7a BeOne! Vui l\u00f2ng \u0111\u1ecdc k\u1ef9 c\u00e1c \u0111i\u1ec1u kho\u1ea3n s\u1eed d\u1ee5ng d\u01b0\u1edbi \u0111\u00e2y tr\u01b0\u1edbc khi truy c\u1eadp ho\u1eb7c s\u1eed d\u1ee5ng b\u1ea5t k\u1ef3 d\u1ecbch v\u1ee5 n\u00e0o c\u1ee7a ch\u00fang t\u00f4i. Ch\u1ea5p nh\u1eadn c\u00e1c \u0111i\u1ec1u kho\u1ea3n B\u1eb1ng c\u00e1ch truy c\u1eadp ho\u1eb7c s\u1eed d\u1ee5ng website c\u1ee7a BeOne, b\u1ea1n \u0111\u1ed3ng \u00fd b\u1ecb r\u00e0ng bu\u1ed9c b\u1edfi [&hellip;]<\/p>","protected":false},"author":1,"featured_media":0,"parent":0,"menu_order":0,"comment_status":"closed","ping_status":"closed","template":"","meta":{"footnotes":""},"class_list":["post-1301","page","type-page","status-publish","hentry"],"_links":{"self":[{"href":"https:\/\/beonetech.vn\/en\/wp-json\/wp\/v2\/pages\/1301","targetHints":{"allow":["GET"]}}],"collection":[{"href":"https:\/\/beonetech.vn\/en\/wp-json\/wp\/v2\/pages"}],"about":[{"href":"https:\/\/beonetech.vn\/en\/wp-json\/wp\/v2\/types\/page"}],"author":[{"embeddable":true,"href":"https:\/\/beonetech.vn\/en\/wp-json\/wp\/v2\/users\/1"}],"replies":[{"embeddable":true,"href":"https:\/\/beonetech.vn\/en\/wp-json\/wp\/v2\/comments?post=1301"}],"version-history":[{"count":4,"href":"https:\/\/beonetech.vn\/en\/wp-json\/wp\/v2\/pages\/1301\/revisions"}],"predecessor-version":[{"id":1305,"href":"https:\/\/beonetech.vn\/en\/wp-json\/wp\/v2\/pages\/1301\/revisions\/1305"}],"wp:attachment":[{"href":"https:\/\/beonetech.vn\/en\/wp-json\/wp\/v2\/media?parent=1301"}],"curies":[{"name":"wp","href":"https:\/\/api.w.org\/{rel}","templated":true}]}}