{"id":1291,"date":"2025-03-12T08:57:26","date_gmt":"2025-03-12T08:57:26","guid":{"rendered":"https:\/\/beonetech.vn\/?page_id=1291"},"modified":"2025-03-12T09:00:53","modified_gmt":"2025-03-12T09:00:53","slug":"chinh-sach-bao-mat-cua-beone","status":"publish","type":"page","link":"https:\/\/beonetech.vn\/en\/chinh-sach-bao-mat-cua-beone\/","title":{"rendered":"CH\u00cdNH S\u00c1CH B\u1ea2O M\u1eacT C\u1ee6A BEONE"},"content":{"rendered":"<div data-elementor-type=\"wp-page\" data-elementor-id=\"1291\" class=\"elementor elementor-1291\">\n\t\t\t\t<div class=\"elementor-element elementor-element-cd238fe e-flex e-con-boxed e-con e-parent\" data-id=\"cd238fe\" data-element_type=\"container\">\n\t\t\t\t\t<div class=\"e-con-inner\">\n\t\t\t\t<div class=\"elementor-element elementor-element-e7832a8 eael-dual-header-content-align-center elementor-widget elementor-widget-eael-dual-color-header\" data-id=\"e7832a8\" data-element_type=\"widget\" data-widget_type=\"eael-dual-color-header.default\">\n\t\t\t\t<div class=\"elementor-widget-container\">\n\t\t\t\t\t\t\t\t<div class=\"eael-dual-header\">\n\t\t\t\t<h2 class=\"title eael-dch-title\"><span class=\"eael-dch-title-text eael-dch-title-lead lead solid-color\">CH\u00cdNH S\u00c1CH B\u1ea2O M\u1eacT C\u1ee6A <\/span> <span class=\"eael-dch-title-text\">BEONE<\/span><\/h2>\t\t\t<\/div>\n\n\t\t\t\t\t\t<\/div>\n\t\t\t\t<\/div>\n\t\t\t\t\t<\/div>\n\t\t\t\t<\/div>\n\t\t<div class=\"elementor-element elementor-element-edead83 e-flex e-con-boxed e-con e-parent\" data-id=\"edead83\" data-element_type=\"container\">\n\t\t\t\t\t<div class=\"e-con-inner\">\n\t\t\t\t<div class=\"elementor-element elementor-element-261803b elementor-widget elementor-widget-text-editor\" data-id=\"261803b\" data-element_type=\"widget\" data-widget_type=\"text-editor.default\">\n\t\t\t\t<div class=\"elementor-widget-container\">\n\t\t\t\t\t\t\t\t\t<ol><li><b> M\u1ee5c \u0111\u00edch thu th\u1eadp th\u00f4ng tin<\/b><\/li><\/ol><p><span style=\"font-weight: 400;\">\u00a0 \u00a0 \u00a0 \u00a0 \u00a0BeOne thu th\u1eadp th\u00f4ng tin c\u1ee7a b\u1ea1n nh\u1eb1m m\u1ee5c \u0111\u00edch:<\/span><\/p><ul><li style=\"font-weight: 400;\" aria-level=\"1\"><span style=\"font-weight: 400;\">Cung c\u1ea5p c\u00e1c d\u1ecbch v\u1ee5 v\u00e0 h\u1ed7 tr\u1ee3 theo y\u00eau c\u1ea7u c\u1ee7a b\u1ea1n.<\/span><\/li><li style=\"font-weight: 400;\" aria-level=\"1\"><span style=\"font-weight: 400;\">N\u00e2ng cao tr\u1ea3i nghi\u1ec7m ng\u01b0\u1eddi d\u00f9ng v\u00e0 c\u00e1 nh\u00e2n h\u00f3a d\u1ecbch v\u1ee5.<\/span><\/li><li style=\"font-weight: 400;\" aria-level=\"1\"><span style=\"font-weight: 400;\">\u0110\u1ea3m b\u1ea3o an ninh v\u00e0 ng\u0103n ch\u1eb7n c\u00e1c ho\u1ea1t \u0111\u1ed9ng gian l\u1eadn.<\/span><\/li><li style=\"font-weight: 400;\" aria-level=\"1\"><span style=\"font-weight: 400;\">Li\u00ean h\u1ec7 v\u1edbi b\u1ea1n trong c\u00e1c tr\u01b0\u1eddng h\u1ee3p c\u1ea7n thi\u1ebft li\u00ean quan \u0111\u1ebfn d\u1ecbch v\u1ee5.<\/span><\/li><li style=\"font-weight: 400;\" aria-level=\"1\"><span style=\"font-weight: 400;\">Tu\u00e2n th\u1ee7 c\u00e1c y\u00eau c\u1ea7u c\u1ee7a ph\u00e1p lu\u1eadt.<\/span><\/li><\/ul><ol start=\"2\"><li><b> Ph\u1ea1m vi thu th\u1eadp th\u00f4ng tin<\/b><\/li><\/ol><p><span style=\"font-weight: 400;\">\u00a0 \u00a0 \u00a0 \u00a0 \u00a0 Ch\u00fang t\u00f4i thu th\u1eadp th\u00f4ng tin c\u1ee7a b\u1ea1n theo hai c\u00e1ch:<\/span><\/p><ul><li style=\"font-weight: 400;\" aria-level=\"1\"><b>Tr\u1ef1c ti\u1ebfp<\/b><span style=\"font-weight: 400;\">: Khi b\u1ea1n ch\u1ee7 \u0111\u1ed9ng cung c\u1ea5p th\u00f4ng tin cho ch\u00fang t\u00f4i, ch\u1eb3ng h\u1ea1n nh\u01b0 khi \u0111\u0103ng k\u00fd t\u00e0i kho\u1ea3n, \u0111i\u1ec1n v\u00e0o bi\u1ec3u m\u1eabu li\u00ean h\u1ec7, ho\u1eb7c \u0111\u0103ng k\u00fd nh\u1eadn b\u1ea3n tin.<\/span><\/li><li style=\"font-weight: 400;\" aria-level=\"1\"><b>Gi\u00e1n ti\u1ebfp<\/b><span style=\"font-weight: 400;\">: Th\u00f4ng qua c\u00e1c c\u00f4ng ngh\u1ec7 tr\u00ean website c\u1ee7a ch\u00fang t\u00f4i, ch\u1eb3ng h\u1ea1n nh\u01b0 cookie, nh\u1eadt k\u00fd m\u00e1y ch\u1ee7, v\u00e0 c\u00e1c c\u00f4ng c\u1ee5 ph\u00e2n t\u00edch.<\/span><\/li><\/ul><p><span style=\"font-weight: 400;\">\u00a0 \u00a0 \u00a0 \u00a0 \u00a0 \u00a0 C\u00e1c lo\u1ea1i th\u00f4ng tin ch\u00fang t\u00f4i c\u00f3 th\u1ec3 thu th\u1eadp bao g\u1ed3m:<\/span><\/p><ul><li style=\"font-weight: 400;\" aria-level=\"1\"><span style=\"font-weight: 400;\">Th\u00f4ng tin c\u00e1 nh\u00e2n: H\u1ecd v\u00e0 t\u00ean, \u0111\u1ecba ch\u1ec9 email, s\u1ed1 \u0111i\u1ec7n tho\u1ea1i, \u0111\u1ecba ch\u1ec9, v.v.<\/span><\/li><li style=\"font-weight: 400;\" aria-level=\"1\"><span style=\"font-weight: 400;\">Th\u00f4ng tin phi c\u00e1 nh\u00e2n: \u0110\u1ecba ch\u1ec9 IP, lo\u1ea1i tr\u00ecnh duy\u1ec7t, l\u1ecbch s\u1eed truy c\u1eadp, v.v.<\/span><\/li><\/ul><ol start=\"3\"><li><b> Ph\u1ea1m vi s\u1eed d\u1ee5ng th\u00f4ng tin<\/b><\/li><\/ol><p><span style=\"font-weight: 400;\">\u00a0 \u00a0 \u00a0 \u00a0 \u00a0 \u00a0BeOne s\u1eed d\u1ee5ng th\u00f4ng tin c\u1ee7a b\u1ea1n cho c\u00e1c m\u1ee5c \u0111\u00edch sau:<\/span><\/p><ul><li style=\"font-weight: 400;\" aria-level=\"1\"><span style=\"font-weight: 400;\">Cung c\u1ea5p v\u00e0 c\u1ea3i thi\u1ec7n d\u1ecbch v\u1ee5.<\/span><\/li><li style=\"font-weight: 400;\" aria-level=\"1\"><span style=\"font-weight: 400;\">Ph\u00e2n t\u00edch v\u00e0 th\u1ed1ng k\u00ea d\u1eef li\u1ec7u ng\u01b0\u1eddi d\u00f9ng.<\/span><\/li><li style=\"font-weight: 400;\" aria-level=\"1\"><span style=\"font-weight: 400;\">C\u00e1 nh\u00e2n h\u00f3a tr\u1ea3i nghi\u1ec7m ng\u01b0\u1eddi d\u00f9ng.<\/span><\/li><li style=\"font-weight: 400;\" aria-level=\"1\"><span style=\"font-weight: 400;\">G\u1eedi th\u00f4ng tin v\u1ec1 c\u00e1c s\u1ea3n ph\u1ea9m, d\u1ecbch v\u1ee5, v\u00e0 ch\u01b0\u01a1ng tr\u00ecnh khuy\u1ebfn m\u00e3i c\u1ee7a ch\u00fang t\u00f4i (n\u1ebfu b\u1ea1n \u0111\u1ed3ng \u00fd).<\/span><\/li><li style=\"font-weight: 400;\" aria-level=\"1\"><span style=\"font-weight: 400;\">Gi\u1ea3i quy\u1ebft c\u00e1c v\u1ea5n \u0111\u1ec1 v\u00e0 khi\u1ebfu n\u1ea1i.<\/span><\/li><li style=\"font-weight: 400;\" aria-level=\"1\"><span style=\"font-weight: 400;\">Tu\u00e2n th\u1ee7 c\u00e1c ngh\u0129a v\u1ee5 ph\u00e1p l\u00fd.<\/span><\/li><\/ul><ol start=\"4\"><li><b> Cam k\u1ebft b\u1ea3o m\u1eadt th\u00f4ng tin<\/b><\/li><\/ol><ul><li><span style=\"font-weight: 400;\">BeOne cam k\u1ebft b\u1ea3o m\u1eadt th\u00f4ng tin c\u00e1 nh\u00e2n c\u1ee7a b\u1ea1n m\u1ed9t c\u00e1ch nghi\u00eam ng\u1eb7t. Ch\u00fang t\u00f4i th\u1ef1c hi\u1ec7n c\u00e1c bi\u1ec7n ph\u00e1p b\u1ea3o m\u1eadt k\u1ef9 thu\u1eadt v\u00e0 t\u1ed5 ch\u1ee9c ph\u00f9 h\u1ee3p \u0111\u1ec3 b\u1ea3o v\u1ec7 th\u00f4ng tin c\u1ee7a b\u1ea1n kh\u1ecfi b\u1ecb truy c\u1eadp, s\u1eed d\u1ee5ng, ho\u1eb7c ti\u1ebft l\u1ed9 tr\u00e1i ph\u00e9p.<\/span><\/li><li><span style=\"font-weight: 400;\">Ch\u00fang t\u00f4i kh\u00f4ng chia s\u1ebb th\u00f4ng tin c\u00e1 nh\u00e2n c\u1ee7a b\u1ea1n v\u1edbi b\u1ea5t k\u1ef3 b\u00ean th\u1ee9 ba n\u00e0o, tr\u1eeb khi c\u00f3 s\u1ef1 \u0111\u1ed3ng \u00fd c\u1ee7a b\u1ea1n ho\u1eb7c ph\u00e1p lu\u1eadt y\u00eau c\u1ea7u.<\/span><\/li><\/ul><ol start=\"5\"><li><b> Quy\u1ec1n c\u1ee7a b\u1ea1n li\u00ean quan \u0111\u1ebfn d\u1eef li\u1ec7u c\u00e1 nh\u00e2n<\/b><\/li><\/ol><p><span style=\"font-weight: 400;\">\u00a0 \u00a0 \u00a0 \u00a0 B\u1ea1n c\u00f3 c\u00e1c quy\u1ec1n sau \u0111\u00e2y li\u00ean quan \u0111\u1ebfn d\u1eef li\u1ec7u c\u00e1 nh\u00e2n c\u1ee7a m\u00ecnh:<\/span><\/p><ul><li style=\"font-weight: 400;\" aria-level=\"1\"><b>Quy\u1ec1n truy c\u1eadp<\/b><span style=\"font-weight: 400;\">: B\u1ea1n c\u00f3 quy\u1ec1n truy c\u1eadp v\u00e0o th\u00f4ng tin c\u00e1 nh\u00e2n m\u00e0 ch\u00fang t\u00f4i \u0111ang n\u1eafm gi\u1eef v\u1ec1 b\u1ea1n.<\/span><\/li><li style=\"font-weight: 400;\" aria-level=\"1\"><b>Quy\u1ec1n ch\u1ec9nh s\u1eeda<\/b><span style=\"font-weight: 400;\">: B\u1ea1n c\u00f3 quy\u1ec1n y\u00eau c\u1ea7u ch\u00fang t\u00f4i s\u1eeda ch\u1eefa ho\u1eb7c c\u1eadp nh\u1eadt th\u00f4ng tin c\u00e1 nh\u00e2n c\u1ee7a b\u1ea1n n\u1ebfu c\u00f3 sai s\u00f3t.<\/span><\/li><li style=\"font-weight: 400;\" aria-level=\"1\"><b>Quy\u1ec1n x\u00f3a b\u1ecf<\/b><span style=\"font-weight: 400;\">: B\u1ea1n c\u00f3 quy\u1ec1n y\u00eau c\u1ea7u ch\u00fang t\u00f4i x\u00f3a b\u1ecf th\u00f4ng tin c\u00e1 nh\u00e2n c\u1ee7a b\u1ea1n trong m\u1ed9t s\u1ed1 tr\u01b0\u1eddng h\u1ee3p nh\u1ea5t \u0111\u1ecbnh.<\/span><\/li><li style=\"font-weight: 400;\" aria-level=\"1\"><b>Quy\u1ec1n h\u1ea1n ch\u1ebf x\u1eed l\u00fd<\/b><span style=\"font-weight: 400;\">: B\u1ea1n c\u00f3 quy\u1ec1n y\u00eau c\u1ea7u ch\u00fang t\u00f4i h\u1ea1n ch\u1ebf x\u1eed l\u00fd th\u00f4ng tin c\u00e1 nh\u00e2n c\u1ee7a b\u1ea1n trong m\u1ed9t s\u1ed1 tr\u01b0\u1eddng h\u1ee3p nh\u1ea5t \u0111\u1ecbnh.<\/span><\/li><li style=\"font-weight: 400;\" aria-level=\"1\"><b>Quy\u1ec1n ph\u1ea3n \u0111\u1ed1i<\/b><span style=\"font-weight: 400;\">: B\u1ea1n c\u00f3 quy\u1ec1n ph\u1ea3n \u0111\u1ed1i vi\u1ec7c ch\u00fang t\u00f4i x\u1eed l\u00fd th\u00f4ng tin c\u00e1 nh\u00e2n c\u1ee7a b\u1ea1n trong m\u1ed9t s\u1ed1 tr\u01b0\u1eddng h\u1ee3p nh\u1ea5t \u0111\u1ecbnh.<\/span><\/li><li style=\"font-weight: 400;\" aria-level=\"1\"><b>Quy\u1ec1n r\u00fat l\u1ea1i s\u1ef1 \u0111\u1ed3ng \u00fd<\/b><span style=\"font-weight: 400;\">: B\u1ea1n c\u00f3 quy\u1ec1n r\u00fat l\u1ea1i s\u1ef1 \u0111\u1ed3ng \u00fd c\u1ee7a b\u1ea1n \u0111\u1ed1i v\u1edbi vi\u1ec7c ch\u00fang t\u00f4i x\u1eed l\u00fd th\u00f4ng tin c\u00e1 nh\u00e2n c\u1ee7a b\u1ea1n b\u1ea5t k\u1ef3 l\u00fac n\u00e0o.<\/span><\/li><\/ul><ol start=\"6\"><li><b> Contact<\/b><\/li><\/ol><ul><li><span style=\"font-weight: 400;\">N\u1ebfu b\u1ea1n c\u00f3 b\u1ea5t k\u1ef3 c\u00e2u h\u1ecfi ho\u1eb7c th\u1eafc m\u1eafc n\u00e0o li\u00ean quan \u0111\u1ebfn ch\u00ednh s\u00e1ch b\u1ea3o m\u1eadt n\u00e0y, vui l\u00f2ng li\u00ean h\u1ec7 v\u1edbi ch\u00fang t\u00f4i qua \u0111\u1ecba ch\u1ec9 email: sale@beonetech.vn.<\/span><\/li><\/ul><ol start=\"7\"><li><b> Thay \u0111\u1ed5i ch\u00ednh s\u00e1ch<\/b><\/li><\/ol><ul><li><span style=\"font-weight: 400;\">BeOne c\u00f3 th\u1ec3 thay \u0111\u1ed5i ch\u00ednh s\u00e1ch b\u1ea3o m\u1eadt n\u00e0y theo th\u1eddi gian. M\u1ecdi thay \u0111\u1ed5i s\u1ebd \u0111\u01b0\u1ee3c c\u00f4ng b\u1ed1 tr\u00ean website c\u1ee7a ch\u00fang t\u00f4i.<\/span><\/li><\/ul><p><b>L\u01b0u \u00fd:<\/b><\/p><ul><li style=\"font-weight: 400;\" aria-level=\"1\"><span style=\"font-weight: 400;\">Ch\u00ednh s\u00e1ch b\u1ea3o m\u1eadt n\u00e0y ch\u1ec9 \u00e1p d\u1ee5ng cho th\u00f4ng tin \u0111\u01b0\u1ee3c thu th\u1eadp qua website c\u1ee7a BeOne.<\/span><\/li><li style=\"font-weight: 400;\" aria-level=\"1\"><span style=\"font-weight: 400;\">B\u1ea1n vui l\u00f2ng \u0111\u1ecdc k\u1ef9 ch\u00ednh s\u00e1ch b\u1ea3o m\u1eadt n\u00e0y tr\u01b0\u1edbc khi s\u1eed d\u1ee5ng website c\u1ee7a ch\u00fang t\u00f4i.<\/span><\/li><li style=\"font-weight: 400;\" aria-level=\"1\"><span style=\"font-weight: 400;\">B\u1eb1ng c\u00e1ch s\u1eed d\u1ee5ng website c\u1ee7a ch\u00fang t\u00f4i, b\u1ea1n \u0111\u1ed3ng \u00fd v\u1edbi c\u00e1c \u0111i\u1ec1u kho\u1ea3n c\u1ee7a ch\u00ednh s\u00e1ch b\u1ea3o m\u1eadt n\u00e0y.<\/span><\/li><\/ul>\t\t\t\t\t\t\t\t<\/div>\n\t\t\t\t<\/div>\n\t\t\t\t\t<\/div>\n\t\t\t\t<\/div>\n\t\t\t\t<\/div>","protected":false},"excerpt":{"rendered":"<p>CH\u00cdNH S\u00c1CH B\u1ea2O M\u1eacT C\u1ee6A BEONE M\u1ee5c \u0111\u00edch thu th\u1eadp th\u00f4ng tin \u00a0 \u00a0 \u00a0 \u00a0 \u00a0BeOne thu th\u1eadp th\u00f4ng tin c\u1ee7a b\u1ea1n nh\u1eb1m m\u1ee5c \u0111\u00edch: Cung c\u1ea5p c\u00e1c d\u1ecbch v\u1ee5 v\u00e0 h\u1ed7 tr\u1ee3 theo y\u00eau c\u1ea7u c\u1ee7a b\u1ea1n. N\u00e2ng cao tr\u1ea3i nghi\u1ec7m ng\u01b0\u1eddi d\u00f9ng v\u00e0 c\u00e1 nh\u00e2n h\u00f3a d\u1ecbch v\u1ee5. \u0110\u1ea3m b\u1ea3o an ninh v\u00e0 ng\u0103n ch\u1eb7n c\u00e1c ho\u1ea1t [&hellip;]<\/p>","protected":false},"author":1,"featured_media":0,"parent":0,"menu_order":0,"comment_status":"closed","ping_status":"closed","template":"","meta":{"footnotes":""},"class_list":["post-1291","page","type-page","status-publish","hentry"],"_links":{"self":[{"href":"https:\/\/beonetech.vn\/en\/wp-json\/wp\/v2\/pages\/1291","targetHints":{"allow":["GET"]}}],"collection":[{"href":"https:\/\/beonetech.vn\/en\/wp-json\/wp\/v2\/pages"}],"about":[{"href":"https:\/\/beonetech.vn\/en\/wp-json\/wp\/v2\/types\/page"}],"author":[{"embeddable":true,"href":"https:\/\/beonetech.vn\/en\/wp-json\/wp\/v2\/users\/1"}],"replies":[{"embeddable":true,"href":"https:\/\/beonetech.vn\/en\/wp-json\/wp\/v2\/comments?post=1291"}],"version-history":[{"count":4,"href":"https:\/\/beonetech.vn\/en\/wp-json\/wp\/v2\/pages\/1291\/revisions"}],"predecessor-version":[{"id":1295,"href":"https:\/\/beonetech.vn\/en\/wp-json\/wp\/v2\/pages\/1291\/revisions\/1295"}],"wp:attachment":[{"href":"https:\/\/beonetech.vn\/en\/wp-json\/wp\/v2\/media?parent=1291"}],"curies":[{"name":"wp","href":"https:\/\/api.w.org\/{rel}","templated":true}]}}